{"id":465,"date":"2017-10-15T09:30:32","date_gmt":"2017-10-15T07:30:32","guid":{"rendered":"http:\/\/www.kolping-sempach.ch\/?page_id=465"},"modified":"2017-10-15T10:20:00","modified_gmt":"2017-10-15T08:20:00","slug":"kolping","status":"publish","type":"page","link":"https:\/\/www.kolping-sempach.ch\/index.php\/kolping\/","title":{"rendered":"Kolping"},"content":{"rendered":"<h4>Kolpingfamilie Sempach<\/h4>\n<p>Die Kolpingfamilie Sempach ist Teil des internationalen Kolpingwerks. Dieses umfasst weltweit ungef\u00e4hr 400&#8217;000 Mitglieder in 7300 Kolpingfamilien. Die Schweiz z\u00e4hlt 79 Kolpingfamilien mit rund 10&#8217;000 Mitgliedern. Zur Kolpingfamilie Sempach geh\u00f6ren etwa 30 Personen.<\/p>\n<p>Wir organisieren verschiedenste Anl\u00e4sse, wie der Samichlaus Sempach &#8211; und dies alles gest\u00fctzt auf drei S\u00e4ulen, welche seit jeher die Basis f\u00fcr Kolpingarbeit bilden: Gemeinschaft &#8211; Bildung &#8211; Solidarit\u00e4t.<\/p>\n","protected":false},"excerpt":{"rendered":"<p>Kolpingfamilie Sempach Die Kolpingfamilie Sempach ist Teil des internationalen Kolpingwerks. Dieses umfasst weltweit ungef\u00e4hr 400&#8217;000 Mitglieder in 7300 Kolpingfamilien. Die Schweiz z\u00e4hlt 79 Kolpingfamilien mit rund 10&#8217;000 Mitgliedern. Zur Kolpingfamilie Sempach geh\u00f6ren etwa 30 Personen. Wir organisieren verschiedenste Anl\u00e4sse, wie der Samichlaus Sempach &#8211; und dies alles gest\u00fctzt auf drei S\u00e4ulen, welche seit jeher die [&hellip;]<\/p>\n","protected":false},"author":1,"featured_media":0,"parent":0,"menu_order":0,"comment_status":"closed","ping_status":"closed","template":"","meta":{"footnotes":""},"class_list":["post-465","page","type-page","status-publish","hentry"],"_links":{"self":[{"href":"https:\/\/www.kolping-sempach.ch\/index.php\/wp-json\/wp\/v2\/pages\/465","targetHints":{"allow":["GET"]}}],"collection":[{"href":"https:\/\/www.kolping-sempach.ch\/index.php\/wp-json\/wp\/v2\/pages"}],"about":[{"href":"https:\/\/www.kolping-sempach.ch\/index.php\/wp-json\/wp\/v2\/types\/page"}],"author":[{"embeddable":true,"href":"https:\/\/www.kolping-sempach.ch\/index.php\/wp-json\/wp\/v2\/users\/1"}],"replies":[{"embeddable":true,"href":"https:\/\/www.kolping-sempach.ch\/index.php\/wp-json\/wp\/v2\/comments?post=465"}],"version-history":[{"count":3,"href":"https:\/\/www.kolping-sempach.ch\/index.php\/wp-json\/wp\/v2\/pages\/465\/revisions"}],"predecessor-version":[{"id":474,"href":"https:\/\/www.kolping-sempach.ch\/index.php\/wp-json\/wp\/v2\/pages\/465\/revisions\/474"}],"wp:attachment":[{"href":"https:\/\/www.kolping-sempach.ch\/index.php\/wp-json\/wp\/v2\/media?parent=465"}],"curies":[{"name":"wp","href":"https:\/\/api.w.org\/{rel}","templated":true}]}}